{"id":989559,"date":"2023-01-06T12:05:25","date_gmt":"2023-01-06T09:05:25","guid":{"rendered":"http:\/\/cafemarmara.com\/iletisim\/"},"modified":"2026-01-02T09:47:36","modified_gmt":"2026-01-02T06:47:36","slug":"contact","status":"publish","type":"page","link":"https:\/\/cafemarmara.com\/en\/contact\/","title":{"rendered":"Contact"},"content":{"rendered":"\t\t<div data-elementor-type=\"wp-page\" data-elementor-id=\"989559\" class=\"elementor elementor-989559 elementor-120\">\n\t\t\t\t\t\t<section class=\"elementor-section elementor-top-section elementor-element elementor-element-abc05f1 elementor-section-full_width elementor-section-height-min-height elementor-section-height-default elementor-section-items-middle\" data-id=\"abc05f1\" data-element_type=\"section\" data-settings=\"{&quot;background_background&quot;:&quot;classic&quot;}\">\n\t\t\t\t\t\t<div class=\"elementor-container elementor-column-gap-no\">\n\t\t\t\t\t<div class=\"elementor-column elementor-col-100 elementor-top-column elementor-element elementor-element-0c29187\" data-id=\"0c29187\" data-element_type=\"column\">\n\t\t\t<div class=\"elementor-widget-wrap\">\n\t\t\t\t\t\t\t<\/div>\n\t\t<\/div>\n\t\t\t\t\t<\/div>\n\t\t<\/section>\n\t\t\t\t<section class=\"elementor-section elementor-top-section elementor-element elementor-element-d213b11 elementor-section-full_width elementor-section-height-min-height elementor-section-height-default elementor-section-items-middle\" data-id=\"d213b11\" data-element_type=\"section\" data-settings=\"{&quot;background_background&quot;:&quot;classic&quot;}\">\n\t\t\t\t\t\t<div class=\"elementor-container elementor-column-gap-no\">\n\t\t\t\t\t<div class=\"elementor-column elementor-col-100 elementor-top-column elementor-element elementor-element-b134cdd\" data-id=\"b134cdd\" data-element_type=\"column\">\n\t\t\t<div class=\"elementor-widget-wrap\">\n\t\t\t\t\t\t\t<\/div>\n\t\t<\/div>\n\t\t\t\t\t<\/div>\n\t\t<\/section>\n\t\t\t\t<section class=\"elementor-section elementor-top-section elementor-element elementor-element-fc8e7ec elementor-section-full_width elementor-section-height-default elementor-section-height-default\" data-id=\"fc8e7ec\" data-element_type=\"section\">\n\t\t\t\t\t\t<div class=\"elementor-container elementor-column-gap-no\">\n\t\t\t\t\t<div class=\"elementor-column elementor-col-100 elementor-top-column elementor-element elementor-element-f439a04\" data-id=\"f439a04\" data-element_type=\"column\">\n\t\t\t<div class=\"elementor-widget-wrap elementor-element-populated\">\n\t\t\t\t\t\t\t<\/div>\n\t\t<\/div>\n\t\t\t\t\t<\/div>\n\t\t<\/section>\n\t\t\t\t<section class=\"elementor-section elementor-top-section elementor-element elementor-element-ce176ff elementor-hidden-mobile elementor-section-boxed elementor-section-height-default elementor-section-height-default\" data-id=\"ce176ff\" data-element_type=\"section\" data-settings=\"{&quot;background_background&quot;:&quot;classic&quot;}\">\n\t\t\t\t\t\t<div class=\"elementor-container elementor-column-gap-no\">\n\t\t\t\t\t<div class=\"elementor-column elementor-col-50 elementor-top-column elementor-element elementor-element-b6260b8\" data-id=\"b6260b8\" data-element_type=\"column\">\n\t\t\t<div class=\"elementor-widget-wrap elementor-element-populated\">\n\t\t\t\t\t\t<div class=\"elementor-element elementor-element-1172ee3 elementor-widget elementor-widget-heading\" data-id=\"1172ee3\" data-element_type=\"widget\" data-widget_type=\"heading.default\">\n\t\t\t\t<div class=\"elementor-widget-container\">\n\t\t\t<p class=\"elementor-heading-title elementor-size-default\"><a href=\"https:\/\/www.google.com\/maps\/place\/La+Grande+Boucherie\/@40.7626274,-73.9830298,17z\/data=!3m1!4b1!4m5!3m4!1s0x89c259ca33adc3e7:0x2b571ca84f83de6d!8m2!3d40.7626274!4d-73.9808411?coh=164777&#038;entry=tt&#038;shorturl=1\" target=\"_blank\" rel=\"noopener\">G\u00fcm\u00fc\u015fsuyu, Tak-\u0131 Zafer Cd. <br>No:3\/1, 34437 <br>Beyo\u011flu\/\u0130stanbul<\/a><\/p>\t\t<\/div>\n\t\t\t\t<\/div>\n\t\t\t\t<div class=\"vamtam-has-theme-widget-styles elementor-element elementor-element-68952c2 elementor-align-left elementor-mobile-align-left vamtam-has-underline-anim elementor-widget elementor-widget-button\" data-id=\"68952c2\" data-element_type=\"widget\" data-widget_type=\"button.default\">\n\t\t\t\t<div class=\"elementor-widget-container\">\n\t\t\t\t\t<div class=\"elementor-button-wrapper\">\n\t\t\t<a class=\"elementor-button elementor-button-link elementor-size-sm\" href=\"tel:2124018000\" id=\"tel\">\n\t\t\t\t\t\t<span class=\"elementor-button-content-wrapper\">\n\t\t\t\t\t\t\t\t\t<span class=\"elementor-button-text\">0212 334 83 84<\/span>\n\t\t\t\t\t<\/span>\n\t\t\t\t\t<\/a>\n\t\t<\/div>\n\t\t\t\t<\/div>\n\t\t\t\t<\/div>\n\t\t\t\t<div class=\"elementor-element elementor-element-537a841 elementor-widget elementor-widget-heading\" data-id=\"537a841\" data-element_type=\"widget\" data-widget_type=\"heading.default\">\n\t\t\t\t<div class=\"elementor-widget-container\">\n\t\t\t<p class=\"elementor-heading-title elementor-size-default\"><a href=\"https:\/\/www.google.com\/maps\/place\/La+Grande+Boucherie\/@40.7626274,-73.9830298,17z\/data=!3m1!4b1!4m5!3m4!1s0x89c259ca33adc3e7:0x2b571ca84f83de6d!8m2!3d40.7626274!4d-73.9808411?coh=164777&#038;entry=tt&#038;shorturl=1\" target=\"_blank\" rel=\"noopener\">Service Hours: 07:30 - 00:00<\/a><\/p>\t\t<\/div>\n\t\t\t\t<\/div>\n\t\t\t\t\t<\/div>\n\t\t<\/div>\n\t\t\t\t<div class=\"elementor-column elementor-col-50 elementor-top-column elementor-element elementor-element-f5f152b\" data-id=\"f5f152b\" data-element_type=\"column\">\n\t\t\t<div class=\"elementor-widget-wrap elementor-element-populated\">\n\t\t\t\t\t\t<div class=\"elementor-element elementor-element-342397f elementor-widget elementor-widget-html\" data-id=\"342397f\" data-element_type=\"widget\" data-widget_type=\"html.default\">\n\t\t\t\t<div class=\"elementor-widget-container\">\n\t\t\t<iframe src=\"https:\/\/www.google.com\/maps\/embed?pb=!1m18!1m12!1m3!1d3009.48386344102!2d28.983620576737252!3d41.03654667134661!2m3!1f0!2f0!3f0!3m2!1i1024!2i768!4f13.1!3m3!1m2!1s0x14cab7fedf68bed9%3A0xf2a914a05c0a70ce!2sCafe%20Marmara!5e0!3m2!1str!2str!4v1699969491614!5m2!1str!2str\" width=\"600\" height=\"450\" style=\"border:0;\" allowfullscreen=\"\" loading=\"lazy\" referrerpolicy=\"no-referrer-when-downgrade\"><\/iframe>\n\t\t<\/div>\n\t\t\t\t<\/div>\n\t\t\t\t\t<\/div>\n\t\t<\/div>\n\t\t\t\t\t<\/div>\n\t\t<\/section>\n\t\t\t\t<section class=\"elementor-section elementor-top-section elementor-element elementor-element-a70e8b7 elementor-hidden-desktop elementor-hidden-tablet elementor-section-boxed elementor-section-height-default elementor-section-height-default\" data-id=\"a70e8b7\" data-element_type=\"section\" data-settings=\"{&quot;background_background&quot;:&quot;classic&quot;}\">\n\t\t\t\t\t\t<div class=\"elementor-container elementor-column-gap-no\">\n\t\t\t\t\t<div class=\"elementor-column elementor-col-50 elementor-top-column elementor-element elementor-element-ae06d3a\" data-id=\"ae06d3a\" data-element_type=\"column\">\n\t\t\t<div class=\"elementor-widget-wrap elementor-element-populated\">\n\t\t\t\t\t\t<div class=\"elementor-element elementor-element-4cefa99 elementor-widget elementor-widget-html\" data-id=\"4cefa99\" data-element_type=\"widget\" data-widget_type=\"html.default\">\n\t\t\t\t<div class=\"elementor-widget-container\">\n\t\t\t<iframe src=\"https:\/\/www.google.com\/maps\/embed?pb=!1m18!1m12!1m3!1d3009.48386344102!2d28.983620576737252!3d41.03654667134661!2m3!1f0!2f0!3f0!3m2!1i1024!2i768!4f13.1!3m3!1m2!1s0x14cab7fedf68bed9%3A0xf2a914a05c0a70ce!2sCafe%20Marmara!5e0!3m2!1str!2str!4v1699969491614!5m2!1str!2str\" width=\"600\" height=\"450\" style=\"border:0;\" allowfullscreen=\"\" loading=\"lazy\" referrerpolicy=\"no-referrer-when-downgrade\"><\/iframe>\n\t\t<\/div>\n\t\t\t\t<\/div>\n\t\t\t\t\t<\/div>\n\t\t<\/div>\n\t\t\t\t<div class=\"elementor-column elementor-col-50 elementor-top-column elementor-element elementor-element-6a148a7\" data-id=\"6a148a7\" data-element_type=\"column\">\n\t\t\t<div class=\"elementor-widget-wrap elementor-element-populated\">\n\t\t\t\t\t\t<div class=\"elementor-element elementor-element-e043a25 elementor-widget elementor-widget-heading\" data-id=\"e043a25\" data-element_type=\"widget\" data-widget_type=\"heading.default\">\n\t\t\t\t<div class=\"elementor-widget-container\">\n\t\t\t<p class=\"elementor-heading-title elementor-size-default\"><a href=\"https:\/\/www.google.com\/maps\/place\/La+Grande+Boucherie\/@40.7626274,-73.9830298,17z\/data=!3m1!4b1!4m5!3m4!1s0x89c259ca33adc3e7:0x2b571ca84f83de6d!8m2!3d40.7626274!4d-73.9808411?coh=164777&#038;entry=tt&#038;shorturl=1\" target=\"_blank\" rel=\"noopener\">G\u00fcm\u00fc\u015fsuyu, Tak-\u0131 Zafer Cd. <br>No:3\/1, 34437<br> Beyo\u011flu\/\u0130stanbul<\/a><\/p>\t\t<\/div>\n\t\t\t\t<\/div>\n\t\t\t\t<div class=\"vamtam-has-theme-widget-styles elementor-element elementor-element-9c01d82 elementor-align-left elementor-mobile-align-left vamtam-has-underline-anim elementor-widget elementor-widget-button\" data-id=\"9c01d82\" data-element_type=\"widget\" data-widget_type=\"button.default\">\n\t\t\t\t<div class=\"elementor-widget-container\">\n\t\t\t\t\t<div class=\"elementor-button-wrapper\">\n\t\t\t<a class=\"elementor-button elementor-button-link elementor-size-sm\" href=\"tel:2124018000\" id=\"tel\">\n\t\t\t\t\t\t<span class=\"elementor-button-content-wrapper\">\n\t\t\t\t\t\t\t\t\t<span class=\"elementor-button-text\">0212 334 83 84<\/span>\n\t\t\t\t\t<\/span>\n\t\t\t\t\t<\/a>\n\t\t<\/div>\n\t\t\t\t<\/div>\n\t\t\t\t<\/div>\n\t\t\t\t<div class=\"elementor-element elementor-element-d7a9df9 elementor-widget elementor-widget-heading\" data-id=\"d7a9df9\" data-element_type=\"widget\" data-widget_type=\"heading.default\">\n\t\t\t\t<div class=\"elementor-widget-container\">\n\t\t\t<p class=\"elementor-heading-title elementor-size-default\"><a href=\"https:\/\/www.google.com\/maps\/place\/La+Grande+Boucherie\/@40.7626274,-73.9830298,17z\/data=!3m1!4b1!4m5!3m4!1s0x89c259ca33adc3e7:0x2b571ca84f83de6d!8m2!3d40.7626274!4d-73.9808411?coh=164777&#038;entry=tt&#038;shorturl=1\" target=\"_blank\" rel=\"noopener\">Service Hours: 07:30 - 00:00<\/a><\/p>\t\t<\/div>\n\t\t\t\t<\/div>\n\t\t\t\t\t<\/div>\n\t\t<\/div>\n\t\t\t\t\t<\/div>\n\t\t<\/section>\n\t\t\t\t<\/div>\n\t\t","protected":false},"excerpt":{"rendered":"<p>G\u00fcm\u00fc\u015fsuyu, Tak-\u0131 Zafer Cd. No:3\/1, 34437 Beyo\u011flu\/\u0130stanbul 0212 334 83 84 Service Hours: 07:30 &#8211; 00:00 G\u00fcm\u00fc\u015fsuyu, Tak-\u0131 Zafer Cd. No:3\/1, 34437 Beyo\u011flu\/\u0130stanbul 0212 334 83 84 Service Hours: 07:30 &#8211; 00:00<\/p>\n","protected":false},"author":1,"featured_media":989245,"parent":0,"menu_order":0,"comment_status":"closed","ping_status":"closed","template":"","meta":{"footnotes":""},"class_list":["post-989559","page","type-page","status-publish","has-post-thumbnail","hentry"],"publishpress_future_action":{"enabled":false,"date":"2026-05-11 12:16:04","action":"change-status","newStatus":"draft","terms":[],"taxonomy":"translation_priority","extraData":[]},"publishpress_future_workflow_manual_trigger":{"enabledWorkflows":[]},"_links":{"self":[{"href":"https:\/\/cafemarmara.com\/en\/wp-json\/wp\/v2\/pages\/989559","targetHints":{"allow":["GET"]}}],"collection":[{"href":"https:\/\/cafemarmara.com\/en\/wp-json\/wp\/v2\/pages"}],"about":[{"href":"https:\/\/cafemarmara.com\/en\/wp-json\/wp\/v2\/types\/page"}],"author":[{"embeddable":true,"href":"https:\/\/cafemarmara.com\/en\/wp-json\/wp\/v2\/users\/1"}],"replies":[{"embeddable":true,"href":"https:\/\/cafemarmara.com\/en\/wp-json\/wp\/v2\/comments?post=989559"}],"version-history":[{"count":47,"href":"https:\/\/cafemarmara.com\/en\/wp-json\/wp\/v2\/pages\/989559\/revisions"}],"predecessor-version":[{"id":991680,"href":"https:\/\/cafemarmara.com\/en\/wp-json\/wp\/v2\/pages\/989559\/revisions\/991680"}],"wp:featuredmedia":[{"embeddable":true,"href":"https:\/\/cafemarmara.com\/en\/wp-json\/wp\/v2\/media\/989245"}],"wp:attachment":[{"href":"https:\/\/cafemarmara.com\/en\/wp-json\/wp\/v2\/media?parent=989559"}],"curies":[{"name":"wp","href":"https:\/\/api.w.org\/{rel}","templated":true}]}}